{"id":5420,"date":"2026-02-15T22:06:09","date_gmt":"2026-02-15T22:06:09","guid":{"rendered":"https:\/\/lori-camicie.com\/?post_type=product&#038;p=5420"},"modified":"2026-03-03T09:10:02","modified_gmt":"2026-03-03T09:10:02","slug":"5420","status":"publish","type":"product","link":"https:\/\/lori-camicie.com\/en\/proizvod\/5420\/","title":{"rendered":"Haljina MIDNIGHT DRAGONFLY"},"content":{"rendered":"<p>Teget haljina sa crte\u017eom vilinog konjica, pripada liniji Lori Essential, osmi\u0161ljenoj kao baza svakog garderobera\u00a0 &#8211; sofisticirano, nosivo i dugotrajno.<\/p>\n<p>Midnight Dragonfly nosi dubinu no\u0107i u elegantnoj teget nijansi. Crte\u017e vilinog konjica simbolizuje lako\u0107u pokreta, ti\u0161inu i unutra\u0161nju snagu.<\/p>\n<p>Haljina je krojena sa reverima i dvorednim kop\u010danjem, \u0161to joj daje strukturu i sofisticiran karakter. Vezivanje u struku omogu\u0107ava da se silueta naglasi i prilagodi, stvaraju\u0107i \u017eenstven i elegantan oblik.<\/p>\n<p>Mo\u017ee se nositi samostalno kao haljina ili otvorena kao prsluk\u2013ogrta\u010d preko farmerica i pantalona, za moderni gradski izgled.<\/p>\n<p>Midnight Dragonfly je suptilna, ali upe\u010datljiva. Komad koji govori tiho, ali ostaje zapam\u0107en.<\/p>\n","protected":false},"excerpt":{"rendered":"<p>Teget haljina sa crte\u017eom vilinog konjica, pripada liniji Lori Essential, osmi\u0161ljenoj kao baza svakog garderobera\u00a0 &#8211; sofisticirano, nosivo i dugotrajno.<\/p>\n<p>Midnight Dragonfly nosi dubinu no\u0107i u elegantnoj teget nijansi. Crte\u017e vilinog konjica simbolizuje lako\u0107u pokreta, ti\u0161inu i unutra\u0161nju snagu.<\/p>\n<p>Haljina je krojena sa reverima i dvorednim kop\u010danjem, \u0161to joj daje strukturu i sofisticiran karakter. Vezivanje u struku omogu\u0107ava da se silueta naglasi i prilagodi, stvaraju\u0107i \u017eenstven i elegantan oblik.<\/p>\n<p>Mo\u017ee se nositi samostalno kao haljina ili otvorena kao prsluk\u2013ogrta\u010d preko farmerica i pantalona, za moderni gradski izgled.<\/p>\n<p>Midnight Dragonfly je suptilna, ali upe\u010datljiva. Komad koji govori tiho, ali ostaje zapam\u0107en.<\/p>\n","protected":false},"featured_media":5763,"template":"","meta":{"_monsterinsights_skip_tracking":false,"_monsterinsights_sitenote_active":false,"_monsterinsights_sitenote_note":"","_monsterinsights_sitenote_category":0},"product_cat":[98,114,15],"product_tag":[],"class_list":["post-5420","product","type-product","status-publish","has-post-thumbnail","hentry","product_cat-women","product_cat-haljine-za-zene","product_cat-uncategorized"],"yoast_head":"<!-- This site is optimized with the Yoast SEO plugin v21.7 - https:\/\/yoast.com\/wordpress\/plugins\/seo\/ -->\n<title>Haljina MIDNIGHT DRAGONFLY - Lori<\/title>\n<meta name=\"robots\" content=\"index, follow, max-snippet:-1, max-image-preview:large, max-video-preview:-1\" \/>\n<link rel=\"canonical\" href=\"https:\/\/lori-camicie.com\/en\/proizvod\/5420\/\" \/>\n<meta property=\"og:locale\" content=\"en_US\" \/>\n<meta property=\"og:type\" content=\"article\" \/>\n<meta property=\"og:title\" content=\"Haljina MIDNIGHT DRAGONFLY - Lori\" \/>\n<meta property=\"og:description\" content=\"Teget haljina sa crte\u017eom vilinog konjica, pripada liniji Lori Essential, osmi\u0161ljenoj kao baza svakog garderobera\u00a0 - sofisticirano, nosivo i dugotrajno.  Midnight Dragonfly nosi dubinu no\u0107i u elegantnoj teget nijansi. Crte\u017e vilinog konjica simbolizuje lako\u0107u pokreta, ti\u0161inu i unutra\u0161nju snagu.  Haljina je krojena sa reverima i dvorednim kop\u010danjem, \u0161to joj daje strukturu i sofisticiran karakter. Vezivanje u struku omogu\u0107ava da se silueta naglasi i prilagodi, stvaraju\u0107i \u017eenstven i elegantan oblik.  Mo\u017ee se nositi samostalno kao haljina ili otvorena kao prsluk\u2013ogrta\u010d preko farmerica i pantalona, za moderni gradski izgled.  Midnight Dragonfly je suptilna, ali upe\u010datljiva. Komad koji govori tiho, ali ostaje zapam\u0107en.\" \/>\n<meta property=\"og:url\" content=\"https:\/\/lori-camicie.com\/proizvod\/5420\/\" \/>\n<meta property=\"og:site_name\" content=\"Lori\" \/>\n<meta property=\"article:publisher\" content=\"https:\/\/www.facebook.com\/loricamicie\" \/>\n<meta property=\"article:modified_time\" content=\"2026-03-03T09:10:02+00:00\" \/>\n<meta property=\"og:image\" content=\"https:\/\/lori-camicie.com\/wp-content\/uploads\/2026\/02\/LORIESSENTIALSweb-15-2.jpg\" \/>\n\t<meta property=\"og:image:width\" content=\"1080\" \/>\n\t<meta property=\"og:image:height\" content=\"1080\" \/>\n\t<meta property=\"og:image:type\" content=\"image\/jpeg\" \/>\n<meta name=\"twitter:card\" content=\"summary_large_image\" \/>\n<meta name=\"twitter:label1\" content=\"Est. reading time\" \/>\n\t<meta name=\"twitter:data1\" content=\"1 minute\" \/>\n<script type=\"application\/ld+json\" class=\"yoast-schema-graph\">{\"@context\":\"https:\/\/schema.org\",\"@graph\":[{\"@type\":\"WebPage\",\"@id\":\"https:\/\/lori-camicie.com\/proizvod\/5420\/\",\"url\":\"https:\/\/lori-camicie.com\/proizvod\/5420\/\",\"name\":\"Haljina MIDNIGHT DRAGONFLY - Lori\",\"isPartOf\":{\"@id\":\"https:\/\/lori-camicie.com\/#website\"},\"datePublished\":\"2026-02-15T22:06:09+00:00\",\"dateModified\":\"2026-03-03T09:10:02+00:00\",\"breadcrumb\":{\"@id\":\"https:\/\/lori-camicie.com\/proizvod\/5420\/#breadcrumb\"},\"inLanguage\":\"en-US\",\"potentialAction\":[{\"@type\":\"ReadAction\",\"target\":[\"https:\/\/lori-camicie.com\/proizvod\/5420\/\"]}]},{\"@type\":\"BreadcrumbList\",\"@id\":\"https:\/\/lori-camicie.com\/proizvod\/5420\/#breadcrumb\",\"itemListElement\":[{\"@type\":\"ListItem\",\"position\":1,\"name\":\"\u041f\u043e\u0447\u0435\u0442\u043d\u0430\",\"item\":\"https:\/\/lori-camicie.com\/en\/\"},{\"@type\":\"ListItem\",\"position\":2,\"name\":\"Shop\",\"item\":\"https:\/\/lori-camicie.com\/en\/shop\/\"},{\"@type\":\"ListItem\",\"position\":3,\"name\":\"Haljina MIDNIGHT DRAGONFLY\"}]},{\"@type\":\"WebSite\",\"@id\":\"https:\/\/lori-camicie.com\/#website\",\"url\":\"https:\/\/lori-camicie.com\/\",\"name\":\"Lori ko\u0161ulje za decu\",\"description\":\"Unique shirts from children&#039;s imagination\",\"publisher\":{\"@id\":\"https:\/\/lori-camicie.com\/#organization\"},\"potentialAction\":[{\"@type\":\"SearchAction\",\"target\":{\"@type\":\"EntryPoint\",\"urlTemplate\":\"https:\/\/lori-camicie.com\/?s={search_term_string}\"},\"query-input\":\"required name=search_term_string\"}],\"inLanguage\":\"en-US\"},{\"@type\":\"Organization\",\"@id\":\"https:\/\/lori-camicie.com\/#organization\",\"name\":\"Lori Camicie\",\"url\":\"https:\/\/lori-camicie.com\/\",\"logo\":{\"@type\":\"ImageObject\",\"inLanguage\":\"en-US\",\"@id\":\"https:\/\/lori-camicie.com\/#\/schema\/logo\/image\/\",\"url\":\"https:\/\/lori-camicie.com\/wp-content\/uploads\/2020\/08\/lori-logo.svg\",\"contentUrl\":\"https:\/\/lori-camicie.com\/wp-content\/uploads\/2020\/08\/lori-logo.svg\",\"width\":170,\"height\":170,\"caption\":\"Lori Camicie\"},\"image\":{\"@id\":\"https:\/\/lori-camicie.com\/#\/schema\/logo\/image\/\"},\"sameAs\":[\"https:\/\/www.facebook.com\/loricamicie\",\"https:\/\/www.instagram.com\/lori.camicie\/\"]}]}<\/script>\n<!-- \/ Yoast SEO plugin. -->","yoast_head_json":{"title":"Haljina MIDNIGHT DRAGONFLY - Lori","robots":{"index":"index","follow":"follow","max-snippet":"max-snippet:-1","max-image-preview":"max-image-preview:large","max-video-preview":"max-video-preview:-1"},"canonical":"https:\/\/lori-camicie.com\/en\/proizvod\/5420\/","og_locale":"en_US","og_type":"article","og_title":"Haljina MIDNIGHT DRAGONFLY - Lori","og_description":"Teget haljina sa crte\u017eom vilinog konjica, pripada liniji Lori Essential, osmi\u0161ljenoj kao baza svakog garderobera\u00a0 - sofisticirano, nosivo i dugotrajno.  Midnight Dragonfly nosi dubinu no\u0107i u elegantnoj teget nijansi. Crte\u017e vilinog konjica simbolizuje lako\u0107u pokreta, ti\u0161inu i unutra\u0161nju snagu.  Haljina je krojena sa reverima i dvorednim kop\u010danjem, \u0161to joj daje strukturu i sofisticiran karakter. Vezivanje u struku omogu\u0107ava da se silueta naglasi i prilagodi, stvaraju\u0107i \u017eenstven i elegantan oblik.  Mo\u017ee se nositi samostalno kao haljina ili otvorena kao prsluk\u2013ogrta\u010d preko farmerica i pantalona, za moderni gradski izgled.  Midnight Dragonfly je suptilna, ali upe\u010datljiva. Komad koji govori tiho, ali ostaje zapam\u0107en.","og_url":"https:\/\/lori-camicie.com\/proizvod\/5420\/","og_site_name":"Lori","article_publisher":"https:\/\/www.facebook.com\/loricamicie","article_modified_time":"2026-03-03T09:10:02+00:00","og_image":[{"width":1080,"height":1080,"url":"https:\/\/lori-camicie.com\/wp-content\/uploads\/2026\/02\/LORIESSENTIALSweb-15-2.jpg","type":"image\/jpeg"}],"twitter_card":"summary_large_image","twitter_misc":{"Est. reading time":"1 minute"},"schema":{"@context":"https:\/\/schema.org","@graph":[{"@type":"WebPage","@id":"https:\/\/lori-camicie.com\/proizvod\/5420\/","url":"https:\/\/lori-camicie.com\/proizvod\/5420\/","name":"Haljina MIDNIGHT DRAGONFLY - Lori","isPartOf":{"@id":"https:\/\/lori-camicie.com\/#website"},"datePublished":"2026-02-15T22:06:09+00:00","dateModified":"2026-03-03T09:10:02+00:00","breadcrumb":{"@id":"https:\/\/lori-camicie.com\/proizvod\/5420\/#breadcrumb"},"inLanguage":"en-US","potentialAction":[{"@type":"ReadAction","target":["https:\/\/lori-camicie.com\/proizvod\/5420\/"]}]},{"@type":"BreadcrumbList","@id":"https:\/\/lori-camicie.com\/proizvod\/5420\/#breadcrumb","itemListElement":[{"@type":"ListItem","position":1,"name":"\u041f\u043e\u0447\u0435\u0442\u043d\u0430","item":"https:\/\/lori-camicie.com\/en\/"},{"@type":"ListItem","position":2,"name":"Shop","item":"https:\/\/lori-camicie.com\/en\/shop\/"},{"@type":"ListItem","position":3,"name":"Haljina MIDNIGHT DRAGONFLY"}]},{"@type":"WebSite","@id":"https:\/\/lori-camicie.com\/#website","url":"https:\/\/lori-camicie.com\/","name":"Lori ko\u0161ulje za decu","description":"Unique shirts from children&#039;s imagination","publisher":{"@id":"https:\/\/lori-camicie.com\/#organization"},"potentialAction":[{"@type":"SearchAction","target":{"@type":"EntryPoint","urlTemplate":"https:\/\/lori-camicie.com\/?s={search_term_string}"},"query-input":"required name=search_term_string"}],"inLanguage":"en-US"},{"@type":"Organization","@id":"https:\/\/lori-camicie.com\/#organization","name":"Lori Camicie","url":"https:\/\/lori-camicie.com\/","logo":{"@type":"ImageObject","inLanguage":"en-US","@id":"https:\/\/lori-camicie.com\/#\/schema\/logo\/image\/","url":"https:\/\/lori-camicie.com\/wp-content\/uploads\/2020\/08\/lori-logo.svg","contentUrl":"https:\/\/lori-camicie.com\/wp-content\/uploads\/2020\/08\/lori-logo.svg","width":170,"height":170,"caption":"Lori Camicie"},"image":{"@id":"https:\/\/lori-camicie.com\/#\/schema\/logo\/image\/"},"sameAs":["https:\/\/www.facebook.com\/loricamicie","https:\/\/www.instagram.com\/lori.camicie\/"]}]}},"_links":{"self":[{"href":"https:\/\/lori-camicie.com\/en\/wp-json\/wp\/v2\/product\/5420\/"}],"collection":[{"href":"https:\/\/lori-camicie.com\/en\/wp-json\/wp\/v2\/product\/"}],"about":[{"href":"https:\/\/lori-camicie.com\/en\/wp-json\/wp\/v2\/types\/product\/"}],"wp:featuredmedia":[{"embeddable":true,"href":"https:\/\/lori-camicie.com\/en\/wp-json\/wp\/v2\/media\/5763\/"}],"wp:attachment":[{"href":"https:\/\/lori-camicie.com\/en\/wp-json\/wp\/v2\/media\/?parent=5420"}],"wp:term":[{"taxonomy":"product_cat","embeddable":true,"href":"https:\/\/lori-camicie.com\/en\/wp-json\/wp\/v2\/product_cat\/?post=5420"},{"taxonomy":"product_tag","embeddable":true,"href":"https:\/\/lori-camicie.com\/en\/wp-json\/wp\/v2\/product_tag\/?post=5420"}],"curies":[{"name":"wp","href":"https:\/\/api.w.org\/{rel}","templated":true}]}}