{"id":5393,"date":"2026-02-15T20:59:29","date_gmt":"2026-02-15T20:59:29","guid":{"rendered":"https:\/\/lori-camicie.com\/?post_type=product&#038;p=5393"},"modified":"2026-03-03T11:36:35","modified_gmt":"2026-03-03T11:36:35","slug":"kosulja-terramare","status":"publish","type":"product","link":"https:\/\/lori-camicie.com\/en\/proizvod\/kosulja-terramare\/","title":{"rendered":"Ko\u0161ulja TERRA&#038;MARE"},"content":{"rendered":"<p>Oversize braon ko\u0161ulja, deo prve kolekcije<\/p>\n<p>Lori Essential, sa zase\u010denim polukrugom napred koji dodaje urbanu notu i moderan detalj. Na d\u017eepu se nalazi patern ribica u zeleno-crnoj kombinaciji \u2013 suptilan, ali upe\u010datljiv detalj koji \u010dini ko\u0161ulju posebnom.<\/p>\n<p>ONE SIZE \u2013 udobna i prijatna za sve gra\u0111e, nosiva za sve varijante i prilike. Mo\u017ee se nositi samostalno ili u kombinaciji sa \u0161ortsom.<\/p>\n","protected":false},"excerpt":{"rendered":"<p>Oversize braon ko\u0161ulja, deo prve kolekcije<\/p>\n<p>Lori Essential, sa zase\u010denim polukrugom napred koji dodaje urbanu notu i moderan detalj. Na d\u017eepu se nalazi patern ribica u zeleno-crnoj kombinaciji \u2013 suptilan, ali upe\u010datljiv detalj koji \u010dini ko\u0161ulju posebnom.<\/p>\n<p>ONE SIZE \u2013 udobna i prijatna za sve gra\u0111e, nosiva za sve varijante i prilike. Mo\u017eete je kombinovati sa \u0161ortsom u istom dezenu.<\/p>\n","protected":false},"featured_media":5829,"template":"","meta":{"_monsterinsights_skip_tracking":false,"_monsterinsights_sitenote_active":false,"_monsterinsights_sitenote_note":"","_monsterinsights_sitenote_category":0},"product_cat":[98,129],"product_tag":[],"class_list":["post-5393","product","type-product","status-publish","has-post-thumbnail","hentry","product_cat-women","product_cat-kosulje-za-zene"],"yoast_head":"<!-- This site is optimized with the Yoast SEO plugin v21.7 - https:\/\/yoast.com\/wordpress\/plugins\/seo\/ -->\n<title>Ko\u0161ulja TERRA&amp;MARE - Lori<\/title>\n<meta name=\"robots\" content=\"index, follow, max-snippet:-1, max-image-preview:large, max-video-preview:-1\" \/>\n<link rel=\"canonical\" href=\"https:\/\/lori-camicie.com\/en\/proizvod\/kosulja-terramare\/\" \/>\n<meta property=\"og:locale\" content=\"en_US\" \/>\n<meta property=\"og:type\" content=\"article\" \/>\n<meta property=\"og:title\" content=\"Ko\u0161ulja TERRA&amp;MARE - Lori\" \/>\n<meta property=\"og:description\" content=\"Oversize braon ko\u0161ulja, deo prve kolekcije  Lori Essential, sa zase\u010denim polukrugom napred koji dodaje urbanu notu i moderan detalj. Na d\u017eepu se nalazi patern ribica u zeleno-crnoj kombinaciji \u2013 suptilan, ali upe\u010datljiv detalj koji \u010dini ko\u0161ulju posebnom.  ONE SIZE \u2013 udobna i prijatna za sve gra\u0111e, nosiva za sve varijante i prilike. Mo\u017eete je kombinovati sa \u0161ortsom u istom dezenu.\" \/>\n<meta property=\"og:url\" content=\"https:\/\/lori-camicie.com\/proizvod\/kosulja-terramare\/\" \/>\n<meta property=\"og:site_name\" content=\"Lori\" \/>\n<meta property=\"article:publisher\" content=\"https:\/\/www.facebook.com\/loricamicie\" \/>\n<meta property=\"article:modified_time\" content=\"2026-03-03T11:36:35+00:00\" \/>\n<meta property=\"og:image\" content=\"https:\/\/lori-camicie.com\/wp-content\/uploads\/2026\/02\/LORIESSENTIALSweb-33-2.jpg\" \/>\n\t<meta property=\"og:image:width\" content=\"1080\" \/>\n\t<meta property=\"og:image:height\" content=\"1080\" \/>\n\t<meta property=\"og:image:type\" content=\"image\/jpeg\" \/>\n<meta name=\"twitter:card\" content=\"summary_large_image\" \/>\n<meta name=\"twitter:label1\" content=\"Est. reading time\" \/>\n\t<meta name=\"twitter:data1\" content=\"1 minute\" \/>\n<script type=\"application\/ld+json\" class=\"yoast-schema-graph\">{\"@context\":\"https:\/\/schema.org\",\"@graph\":[{\"@type\":\"WebPage\",\"@id\":\"https:\/\/lori-camicie.com\/proizvod\/kosulja-terramare\/\",\"url\":\"https:\/\/lori-camicie.com\/proizvod\/kosulja-terramare\/\",\"name\":\"Ko\u0161ulja TERRA&MARE - Lori\",\"isPartOf\":{\"@id\":\"https:\/\/lori-camicie.com\/#website\"},\"datePublished\":\"2026-02-15T20:59:29+00:00\",\"dateModified\":\"2026-03-03T11:36:35+00:00\",\"breadcrumb\":{\"@id\":\"https:\/\/lori-camicie.com\/proizvod\/kosulja-terramare\/#breadcrumb\"},\"inLanguage\":\"en-US\",\"potentialAction\":[{\"@type\":\"ReadAction\",\"target\":[\"https:\/\/lori-camicie.com\/proizvod\/kosulja-terramare\/\"]}]},{\"@type\":\"BreadcrumbList\",\"@id\":\"https:\/\/lori-camicie.com\/proizvod\/kosulja-terramare\/#breadcrumb\",\"itemListElement\":[{\"@type\":\"ListItem\",\"position\":1,\"name\":\"\u041f\u043e\u0447\u0435\u0442\u043d\u0430\",\"item\":\"https:\/\/lori-camicie.com\/en\/\"},{\"@type\":\"ListItem\",\"position\":2,\"name\":\"Shop\",\"item\":\"https:\/\/lori-camicie.com\/en\/shop\/\"},{\"@type\":\"ListItem\",\"position\":3,\"name\":\"Ko\u0161ulja TERRA&#038;MARE\"}]},{\"@type\":\"WebSite\",\"@id\":\"https:\/\/lori-camicie.com\/#website\",\"url\":\"https:\/\/lori-camicie.com\/\",\"name\":\"Lori ko\u0161ulje za decu\",\"description\":\"Unique shirts from children&#039;s imagination\",\"publisher\":{\"@id\":\"https:\/\/lori-camicie.com\/#organization\"},\"potentialAction\":[{\"@type\":\"SearchAction\",\"target\":{\"@type\":\"EntryPoint\",\"urlTemplate\":\"https:\/\/lori-camicie.com\/?s={search_term_string}\"},\"query-input\":\"required name=search_term_string\"}],\"inLanguage\":\"en-US\"},{\"@type\":\"Organization\",\"@id\":\"https:\/\/lori-camicie.com\/#organization\",\"name\":\"Lori Camicie\",\"url\":\"https:\/\/lori-camicie.com\/\",\"logo\":{\"@type\":\"ImageObject\",\"inLanguage\":\"en-US\",\"@id\":\"https:\/\/lori-camicie.com\/#\/schema\/logo\/image\/\",\"url\":\"https:\/\/lori-camicie.com\/wp-content\/uploads\/2020\/08\/lori-logo.svg\",\"contentUrl\":\"https:\/\/lori-camicie.com\/wp-content\/uploads\/2020\/08\/lori-logo.svg\",\"width\":170,\"height\":170,\"caption\":\"Lori Camicie\"},\"image\":{\"@id\":\"https:\/\/lori-camicie.com\/#\/schema\/logo\/image\/\"},\"sameAs\":[\"https:\/\/www.facebook.com\/loricamicie\",\"https:\/\/www.instagram.com\/lori.camicie\/\"]}]}<\/script>\n<!-- \/ Yoast SEO plugin. -->","yoast_head_json":{"title":"Ko\u0161ulja TERRA&MARE - Lori","robots":{"index":"index","follow":"follow","max-snippet":"max-snippet:-1","max-image-preview":"max-image-preview:large","max-video-preview":"max-video-preview:-1"},"canonical":"https:\/\/lori-camicie.com\/en\/proizvod\/kosulja-terramare\/","og_locale":"en_US","og_type":"article","og_title":"Ko\u0161ulja TERRA&MARE - Lori","og_description":"Oversize braon ko\u0161ulja, deo prve kolekcije  Lori Essential, sa zase\u010denim polukrugom napred koji dodaje urbanu notu i moderan detalj. Na d\u017eepu se nalazi patern ribica u zeleno-crnoj kombinaciji \u2013 suptilan, ali upe\u010datljiv detalj koji \u010dini ko\u0161ulju posebnom.  ONE SIZE \u2013 udobna i prijatna za sve gra\u0111e, nosiva za sve varijante i prilike. Mo\u017eete je kombinovati sa \u0161ortsom u istom dezenu.","og_url":"https:\/\/lori-camicie.com\/proizvod\/kosulja-terramare\/","og_site_name":"Lori","article_publisher":"https:\/\/www.facebook.com\/loricamicie","article_modified_time":"2026-03-03T11:36:35+00:00","og_image":[{"width":1080,"height":1080,"url":"https:\/\/lori-camicie.com\/wp-content\/uploads\/2026\/02\/LORIESSENTIALSweb-33-2.jpg","type":"image\/jpeg"}],"twitter_card":"summary_large_image","twitter_misc":{"Est. reading time":"1 minute"},"schema":{"@context":"https:\/\/schema.org","@graph":[{"@type":"WebPage","@id":"https:\/\/lori-camicie.com\/proizvod\/kosulja-terramare\/","url":"https:\/\/lori-camicie.com\/proizvod\/kosulja-terramare\/","name":"Ko\u0161ulja TERRA&MARE - Lori","isPartOf":{"@id":"https:\/\/lori-camicie.com\/#website"},"datePublished":"2026-02-15T20:59:29+00:00","dateModified":"2026-03-03T11:36:35+00:00","breadcrumb":{"@id":"https:\/\/lori-camicie.com\/proizvod\/kosulja-terramare\/#breadcrumb"},"inLanguage":"en-US","potentialAction":[{"@type":"ReadAction","target":["https:\/\/lori-camicie.com\/proizvod\/kosulja-terramare\/"]}]},{"@type":"BreadcrumbList","@id":"https:\/\/lori-camicie.com\/proizvod\/kosulja-terramare\/#breadcrumb","itemListElement":[{"@type":"ListItem","position":1,"name":"\u041f\u043e\u0447\u0435\u0442\u043d\u0430","item":"https:\/\/lori-camicie.com\/en\/"},{"@type":"ListItem","position":2,"name":"Shop","item":"https:\/\/lori-camicie.com\/en\/shop\/"},{"@type":"ListItem","position":3,"name":"Ko\u0161ulja TERRA&#038;MARE"}]},{"@type":"WebSite","@id":"https:\/\/lori-camicie.com\/#website","url":"https:\/\/lori-camicie.com\/","name":"Lori ko\u0161ulje za decu","description":"Unique shirts from children&#039;s imagination","publisher":{"@id":"https:\/\/lori-camicie.com\/#organization"},"potentialAction":[{"@type":"SearchAction","target":{"@type":"EntryPoint","urlTemplate":"https:\/\/lori-camicie.com\/?s={search_term_string}"},"query-input":"required name=search_term_string"}],"inLanguage":"en-US"},{"@type":"Organization","@id":"https:\/\/lori-camicie.com\/#organization","name":"Lori Camicie","url":"https:\/\/lori-camicie.com\/","logo":{"@type":"ImageObject","inLanguage":"en-US","@id":"https:\/\/lori-camicie.com\/#\/schema\/logo\/image\/","url":"https:\/\/lori-camicie.com\/wp-content\/uploads\/2020\/08\/lori-logo.svg","contentUrl":"https:\/\/lori-camicie.com\/wp-content\/uploads\/2020\/08\/lori-logo.svg","width":170,"height":170,"caption":"Lori Camicie"},"image":{"@id":"https:\/\/lori-camicie.com\/#\/schema\/logo\/image\/"},"sameAs":["https:\/\/www.facebook.com\/loricamicie","https:\/\/www.instagram.com\/lori.camicie\/"]}]}},"_links":{"self":[{"href":"https:\/\/lori-camicie.com\/en\/wp-json\/wp\/v2\/product\/5393\/"}],"collection":[{"href":"https:\/\/lori-camicie.com\/en\/wp-json\/wp\/v2\/product\/"}],"about":[{"href":"https:\/\/lori-camicie.com\/en\/wp-json\/wp\/v2\/types\/product\/"}],"wp:featuredmedia":[{"embeddable":true,"href":"https:\/\/lori-camicie.com\/en\/wp-json\/wp\/v2\/media\/5829\/"}],"wp:attachment":[{"href":"https:\/\/lori-camicie.com\/en\/wp-json\/wp\/v2\/media\/?parent=5393"}],"wp:term":[{"taxonomy":"product_cat","embeddable":true,"href":"https:\/\/lori-camicie.com\/en\/wp-json\/wp\/v2\/product_cat\/?post=5393"},{"taxonomy":"product_tag","embeddable":true,"href":"https:\/\/lori-camicie.com\/en\/wp-json\/wp\/v2\/product_tag\/?post=5393"}],"curies":[{"name":"wp","href":"https:\/\/api.w.org\/{rel}","templated":true}]}}