{"id":5380,"date":"2026-02-15T20:41:21","date_gmt":"2026-02-15T20:41:21","guid":{"rendered":"https:\/\/lori-camicie.com\/?post_type=product&#038;p=5380"},"modified":"2026-03-03T12:35:40","modified_gmt":"2026-03-03T12:35:40","slug":"majica-navy-boat","status":"publish","type":"product","link":"https:\/\/lori-camicie.com\/en\/proizvod\/majica-navy-boat\/","title":{"rendered":"Majica NAVY BOAT"},"content":{"rendered":"<p>Minimalizam sa morskim duhom.<\/p>\n<p>Majica u teget nijansi izra\u0111ena je od 100% mekanog pamuka i deo je prve kolekcije Lori Essential \u2013 linije koja spaja jednostavnost i autenti\u010dne detalje. Na levoj strani prednjice nalazi se mali, suptilan crte\u017e brodi\u0107a \u2013 detalj koji nosi pri\u010du o slobodi, moru i daljinama.<\/p>\n<p>Lep pad na ramenima daje joj blago nagla\u0161enu formu i moderan izgled bez dodataka, zadr\u017eavaju\u0107i potpunu udobnost.<\/p>\n<p>Diskretna, a upe\u010datljiva. Savr\u0161ena za sve koji vole jednostavne komade sa karakterom i da\u0161kom mediteranskog \u0161arma.<\/p>\n","protected":false},"excerpt":{"rendered":"<p>Minimalizam sa morskim duhom.<\/p>\n<p>Majica u teget nijansi izra\u0111ena je od 100% mekanog pamuka i deo je prve kolekcije Lori Essential \u2013 linije koja spaja jednostavnost i autenti\u010dne detalje. Na levoj strani prednjice nalazi se mali, suptilan crte\u017e brodi\u0107a \u2013 detalj koji nosi pri\u010du o slobodi, moru i daljinama.<\/p>\n<p>Lep pad na ramenima daje joj blago nagla\u0161enu formu i moderan izgled bez dodataka, zadr\u017eavaju\u0107i potpunu udobnost.<\/p>\n<p>Diskretna, a upe\u010datljiva. Savr\u0161ena za sve koji vole jednostavne komade sa karakterom i da\u0161kom mediteranskog \u0161arma.<\/p>\n","protected":false},"featured_media":5867,"template":"","meta":{"_monsterinsights_skip_tracking":false,"_monsterinsights_sitenote_active":false,"_monsterinsights_sitenote_note":"","_monsterinsights_sitenote_category":0},"product_cat":[132,98],"product_tag":[],"class_list":["post-5380","product","type-product","status-publish","has-post-thumbnail","hentry","product_cat-majice","product_cat-women"],"yoast_head":"<!-- This site is optimized with the Yoast SEO plugin v21.7 - https:\/\/yoast.com\/wordpress\/plugins\/seo\/ -->\n<title>Majica NAVY BOAT - Lori<\/title>\n<meta name=\"robots\" content=\"index, follow, max-snippet:-1, max-image-preview:large, max-video-preview:-1\" \/>\n<link rel=\"canonical\" href=\"https:\/\/lori-camicie.com\/en\/proizvod\/majica-navy-boat\/\" \/>\n<meta property=\"og:locale\" content=\"en_US\" \/>\n<meta property=\"og:type\" content=\"article\" \/>\n<meta property=\"og:title\" content=\"Majica NAVY BOAT - Lori\" \/>\n<meta property=\"og:description\" content=\"Minimalizam sa morskim duhom.  Majica u teget nijansi izra\u0111ena je od 100% mekanog pamuka i deo je prve kolekcije Lori Essential \u2013 linije koja spaja jednostavnost i autenti\u010dne detalje. Na levoj strani prednjice nalazi se mali, suptilan crte\u017e brodi\u0107a \u2013 detalj koji nosi pri\u010du o slobodi, moru i daljinama.  Lep pad na ramenima daje joj blago nagla\u0161enu formu i moderan izgled bez dodataka, zadr\u017eavaju\u0107i potpunu udobnost.  Diskretna, a upe\u010datljiva. Savr\u0161ena za sve koji vole jednostavne komade sa karakterom i da\u0161kom mediteranskog \u0161arma.\" \/>\n<meta property=\"og:url\" content=\"https:\/\/lori-camicie.com\/proizvod\/majica-navy-boat\/\" \/>\n<meta property=\"og:site_name\" content=\"Lori\" \/>\n<meta property=\"article:publisher\" content=\"https:\/\/www.facebook.com\/loricamicie\" \/>\n<meta property=\"article:modified_time\" content=\"2026-03-03T12:35:40+00:00\" \/>\n<meta property=\"og:image\" content=\"https:\/\/lori-camicie.com\/wp-content\/uploads\/2026\/02\/LORIESSENTIALSweb-37-3.jpg\" \/>\n\t<meta property=\"og:image:width\" content=\"1080\" \/>\n\t<meta property=\"og:image:height\" content=\"1080\" \/>\n\t<meta property=\"og:image:type\" content=\"image\/jpeg\" \/>\n<meta name=\"twitter:card\" content=\"summary_large_image\" \/>\n<meta name=\"twitter:label1\" content=\"Est. reading time\" \/>\n\t<meta name=\"twitter:data1\" content=\"1 minute\" \/>\n<script type=\"application\/ld+json\" class=\"yoast-schema-graph\">{\"@context\":\"https:\/\/schema.org\",\"@graph\":[{\"@type\":\"WebPage\",\"@id\":\"https:\/\/lori-camicie.com\/proizvod\/majica-navy-boat\/\",\"url\":\"https:\/\/lori-camicie.com\/proizvod\/majica-navy-boat\/\",\"name\":\"Majica NAVY BOAT - Lori\",\"isPartOf\":{\"@id\":\"https:\/\/lori-camicie.com\/#website\"},\"datePublished\":\"2026-02-15T20:41:21+00:00\",\"dateModified\":\"2026-03-03T12:35:40+00:00\",\"breadcrumb\":{\"@id\":\"https:\/\/lori-camicie.com\/proizvod\/majica-navy-boat\/#breadcrumb\"},\"inLanguage\":\"en-US\",\"potentialAction\":[{\"@type\":\"ReadAction\",\"target\":[\"https:\/\/lori-camicie.com\/proizvod\/majica-navy-boat\/\"]}]},{\"@type\":\"BreadcrumbList\",\"@id\":\"https:\/\/lori-camicie.com\/proizvod\/majica-navy-boat\/#breadcrumb\",\"itemListElement\":[{\"@type\":\"ListItem\",\"position\":1,\"name\":\"\u041f\u043e\u0447\u0435\u0442\u043d\u0430\",\"item\":\"https:\/\/lori-camicie.com\/en\/\"},{\"@type\":\"ListItem\",\"position\":2,\"name\":\"Shop\",\"item\":\"https:\/\/lori-camicie.com\/en\/shop\/\"},{\"@type\":\"ListItem\",\"position\":3,\"name\":\"Majica NAVY BOAT\"}]},{\"@type\":\"WebSite\",\"@id\":\"https:\/\/lori-camicie.com\/#website\",\"url\":\"https:\/\/lori-camicie.com\/\",\"name\":\"Lori ko\u0161ulje za decu\",\"description\":\"Unique shirts from children&#039;s imagination\",\"publisher\":{\"@id\":\"https:\/\/lori-camicie.com\/#organization\"},\"potentialAction\":[{\"@type\":\"SearchAction\",\"target\":{\"@type\":\"EntryPoint\",\"urlTemplate\":\"https:\/\/lori-camicie.com\/?s={search_term_string}\"},\"query-input\":\"required name=search_term_string\"}],\"inLanguage\":\"en-US\"},{\"@type\":\"Organization\",\"@id\":\"https:\/\/lori-camicie.com\/#organization\",\"name\":\"Lori Camicie\",\"url\":\"https:\/\/lori-camicie.com\/\",\"logo\":{\"@type\":\"ImageObject\",\"inLanguage\":\"en-US\",\"@id\":\"https:\/\/lori-camicie.com\/#\/schema\/logo\/image\/\",\"url\":\"https:\/\/lori-camicie.com\/wp-content\/uploads\/2020\/08\/lori-logo.svg\",\"contentUrl\":\"https:\/\/lori-camicie.com\/wp-content\/uploads\/2020\/08\/lori-logo.svg\",\"width\":170,\"height\":170,\"caption\":\"Lori Camicie\"},\"image\":{\"@id\":\"https:\/\/lori-camicie.com\/#\/schema\/logo\/image\/\"},\"sameAs\":[\"https:\/\/www.facebook.com\/loricamicie\",\"https:\/\/www.instagram.com\/lori.camicie\/\"]}]}<\/script>\n<!-- \/ Yoast SEO plugin. -->","yoast_head_json":{"title":"Majica NAVY BOAT - Lori","robots":{"index":"index","follow":"follow","max-snippet":"max-snippet:-1","max-image-preview":"max-image-preview:large","max-video-preview":"max-video-preview:-1"},"canonical":"https:\/\/lori-camicie.com\/en\/proizvod\/majica-navy-boat\/","og_locale":"en_US","og_type":"article","og_title":"Majica NAVY BOAT - Lori","og_description":"Minimalizam sa morskim duhom.  Majica u teget nijansi izra\u0111ena je od 100% mekanog pamuka i deo je prve kolekcije Lori Essential \u2013 linije koja spaja jednostavnost i autenti\u010dne detalje. Na levoj strani prednjice nalazi se mali, suptilan crte\u017e brodi\u0107a \u2013 detalj koji nosi pri\u010du o slobodi, moru i daljinama.  Lep pad na ramenima daje joj blago nagla\u0161enu formu i moderan izgled bez dodataka, zadr\u017eavaju\u0107i potpunu udobnost.  Diskretna, a upe\u010datljiva. Savr\u0161ena za sve koji vole jednostavne komade sa karakterom i da\u0161kom mediteranskog \u0161arma.","og_url":"https:\/\/lori-camicie.com\/proizvod\/majica-navy-boat\/","og_site_name":"Lori","article_publisher":"https:\/\/www.facebook.com\/loricamicie","article_modified_time":"2026-03-03T12:35:40+00:00","og_image":[{"width":1080,"height":1080,"url":"https:\/\/lori-camicie.com\/wp-content\/uploads\/2026\/02\/LORIESSENTIALSweb-37-3.jpg","type":"image\/jpeg"}],"twitter_card":"summary_large_image","twitter_misc":{"Est. reading time":"1 minute"},"schema":{"@context":"https:\/\/schema.org","@graph":[{"@type":"WebPage","@id":"https:\/\/lori-camicie.com\/proizvod\/majica-navy-boat\/","url":"https:\/\/lori-camicie.com\/proizvod\/majica-navy-boat\/","name":"Majica NAVY BOAT - Lori","isPartOf":{"@id":"https:\/\/lori-camicie.com\/#website"},"datePublished":"2026-02-15T20:41:21+00:00","dateModified":"2026-03-03T12:35:40+00:00","breadcrumb":{"@id":"https:\/\/lori-camicie.com\/proizvod\/majica-navy-boat\/#breadcrumb"},"inLanguage":"en-US","potentialAction":[{"@type":"ReadAction","target":["https:\/\/lori-camicie.com\/proizvod\/majica-navy-boat\/"]}]},{"@type":"BreadcrumbList","@id":"https:\/\/lori-camicie.com\/proizvod\/majica-navy-boat\/#breadcrumb","itemListElement":[{"@type":"ListItem","position":1,"name":"\u041f\u043e\u0447\u0435\u0442\u043d\u0430","item":"https:\/\/lori-camicie.com\/en\/"},{"@type":"ListItem","position":2,"name":"Shop","item":"https:\/\/lori-camicie.com\/en\/shop\/"},{"@type":"ListItem","position":3,"name":"Majica NAVY BOAT"}]},{"@type":"WebSite","@id":"https:\/\/lori-camicie.com\/#website","url":"https:\/\/lori-camicie.com\/","name":"Lori ko\u0161ulje za decu","description":"Unique shirts from children&#039;s imagination","publisher":{"@id":"https:\/\/lori-camicie.com\/#organization"},"potentialAction":[{"@type":"SearchAction","target":{"@type":"EntryPoint","urlTemplate":"https:\/\/lori-camicie.com\/?s={search_term_string}"},"query-input":"required name=search_term_string"}],"inLanguage":"en-US"},{"@type":"Organization","@id":"https:\/\/lori-camicie.com\/#organization","name":"Lori Camicie","url":"https:\/\/lori-camicie.com\/","logo":{"@type":"ImageObject","inLanguage":"en-US","@id":"https:\/\/lori-camicie.com\/#\/schema\/logo\/image\/","url":"https:\/\/lori-camicie.com\/wp-content\/uploads\/2020\/08\/lori-logo.svg","contentUrl":"https:\/\/lori-camicie.com\/wp-content\/uploads\/2020\/08\/lori-logo.svg","width":170,"height":170,"caption":"Lori Camicie"},"image":{"@id":"https:\/\/lori-camicie.com\/#\/schema\/logo\/image\/"},"sameAs":["https:\/\/www.facebook.com\/loricamicie","https:\/\/www.instagram.com\/lori.camicie\/"]}]}},"_links":{"self":[{"href":"https:\/\/lori-camicie.com\/en\/wp-json\/wp\/v2\/product\/5380\/"}],"collection":[{"href":"https:\/\/lori-camicie.com\/en\/wp-json\/wp\/v2\/product\/"}],"about":[{"href":"https:\/\/lori-camicie.com\/en\/wp-json\/wp\/v2\/types\/product\/"}],"wp:featuredmedia":[{"embeddable":true,"href":"https:\/\/lori-camicie.com\/en\/wp-json\/wp\/v2\/media\/5867\/"}],"wp:attachment":[{"href":"https:\/\/lori-camicie.com\/en\/wp-json\/wp\/v2\/media\/?parent=5380"}],"wp:term":[{"taxonomy":"product_cat","embeddable":true,"href":"https:\/\/lori-camicie.com\/en\/wp-json\/wp\/v2\/product_cat\/?post=5380"},{"taxonomy":"product_tag","embeddable":true,"href":"https:\/\/lori-camicie.com\/en\/wp-json\/wp\/v2\/product_tag\/?post=5380"}],"curies":[{"name":"wp","href":"https:\/\/api.w.org\/{rel}","templated":true}]}}