{"id":5170,"date":"2025-09-24T09:43:32","date_gmt":"2025-09-24T09:43:32","guid":{"rendered":"https:\/\/lori-camicie.com\/?post_type=product&#038;p=5170"},"modified":"2025-09-24T09:43:33","modified_gmt":"2025-09-24T09:43:33","slug":"skranci-gumica-blackwhite","status":"publish","type":"product","link":"https:\/\/lori-camicie.com\/en\/proizvod\/skranci-gumica-blackwhite\/","title":{"rendered":"Skran\u010di gumica Black&#038;White"},"content":{"rendered":"<p>Lepota je u detaljima. Ukrasite stil unikatnim skran\u010di gumicama za kosu.<\/p>\n<p>Ova gumica se savr\u0161eno uklapa sa ko\u0161uljom Black&amp;White.<\/p>\n","protected":false},"excerpt":{"rendered":"<p>Lepota je u detaljima. Ukrasite stil unikatnim skran\u010di gumicama za kosu.<\/p>\n<p>Ova gumica se savr\u0161eno uklapa sa ko\u0161uljom Black&amp;White.<\/p>\n","protected":false},"featured_media":5171,"template":"","meta":{"_monsterinsights_skip_tracking":false,"_monsterinsights_sitenote_active":false,"_monsterinsights_sitenote_note":"","_monsterinsights_sitenote_category":0},"product_cat":[113],"product_tag":[],"class_list":["post-5170","product","type-product","status-publish","has-post-thumbnail","hentry","product_cat-skranci-gumice"],"yoast_head":"<!-- This site is optimized with the Yoast SEO plugin v21.7 - https:\/\/yoast.com\/wordpress\/plugins\/seo\/ -->\n<title>Skran\u010di gumica Black&amp;White - Lori<\/title>\n<meta name=\"robots\" content=\"index, follow, max-snippet:-1, max-image-preview:large, max-video-preview:-1\" \/>\n<link rel=\"canonical\" href=\"https:\/\/lori-camicie.com\/en\/proizvod\/skranci-gumica-blackwhite\/\" \/>\n<meta property=\"og:locale\" content=\"en_US\" \/>\n<meta property=\"og:type\" content=\"article\" \/>\n<meta property=\"og:title\" content=\"Skran\u010di gumica Black&amp;White - Lori\" \/>\n<meta property=\"og:description\" content=\"Lepota je u detaljima. Ukrasite stil unikatnim skran\u010di gumicama za kosu.  Ova gumica se savr\u0161eno uklapa sa ko\u0161uljom Black&amp;White.\" \/>\n<meta property=\"og:url\" content=\"https:\/\/lori-camicie.com\/proizvod\/skranci-gumica-blackwhite\/\" \/>\n<meta property=\"og:site_name\" content=\"Lori\" \/>\n<meta property=\"article:publisher\" content=\"https:\/\/www.facebook.com\/loricamicie\" \/>\n<meta property=\"article:modified_time\" content=\"2025-09-24T09:43:33+00:00\" \/>\n<meta property=\"og:image\" content=\"https:\/\/lori-camicie.com\/wp-content\/uploads\/2025\/09\/LORICAMICIEFALL25-636.jpg\" \/>\n\t<meta property=\"og:image:width\" content=\"2400\" \/>\n\t<meta property=\"og:image:height\" content=\"2400\" \/>\n\t<meta property=\"og:image:type\" content=\"image\/jpeg\" \/>\n<meta name=\"twitter:card\" content=\"summary_large_image\" \/>\n<meta name=\"twitter:label1\" content=\"Est. reading time\" \/>\n\t<meta name=\"twitter:data1\" content=\"1 minute\" \/>\n<script type=\"application\/ld+json\" class=\"yoast-schema-graph\">{\"@context\":\"https:\/\/schema.org\",\"@graph\":[{\"@type\":\"WebPage\",\"@id\":\"https:\/\/lori-camicie.com\/proizvod\/skranci-gumica-blackwhite\/\",\"url\":\"https:\/\/lori-camicie.com\/proizvod\/skranci-gumica-blackwhite\/\",\"name\":\"Skran\u010di gumica Black&White - Lori\",\"isPartOf\":{\"@id\":\"https:\/\/lori-camicie.com\/#website\"},\"datePublished\":\"2025-09-24T09:43:32+00:00\",\"dateModified\":\"2025-09-24T09:43:33+00:00\",\"breadcrumb\":{\"@id\":\"https:\/\/lori-camicie.com\/proizvod\/skranci-gumica-blackwhite\/#breadcrumb\"},\"inLanguage\":\"en-US\",\"potentialAction\":[{\"@type\":\"ReadAction\",\"target\":[\"https:\/\/lori-camicie.com\/proizvod\/skranci-gumica-blackwhite\/\"]}]},{\"@type\":\"BreadcrumbList\",\"@id\":\"https:\/\/lori-camicie.com\/proizvod\/skranci-gumica-blackwhite\/#breadcrumb\",\"itemListElement\":[{\"@type\":\"ListItem\",\"position\":1,\"name\":\"\u041f\u043e\u0447\u0435\u0442\u043d\u0430\",\"item\":\"https:\/\/lori-camicie.com\/en\/\"},{\"@type\":\"ListItem\",\"position\":2,\"name\":\"Shop\",\"item\":\"https:\/\/lori-camicie.com\/en\/shop\/\"},{\"@type\":\"ListItem\",\"position\":3,\"name\":\"Skran\u010di gumica Black&#038;White\"}]},{\"@type\":\"WebSite\",\"@id\":\"https:\/\/lori-camicie.com\/#website\",\"url\":\"https:\/\/lori-camicie.com\/\",\"name\":\"Lori ko\u0161ulje za decu\",\"description\":\"Unique shirts from children&#039;s imagination\",\"publisher\":{\"@id\":\"https:\/\/lori-camicie.com\/#organization\"},\"potentialAction\":[{\"@type\":\"SearchAction\",\"target\":{\"@type\":\"EntryPoint\",\"urlTemplate\":\"https:\/\/lori-camicie.com\/?s={search_term_string}\"},\"query-input\":\"required name=search_term_string\"}],\"inLanguage\":\"en-US\"},{\"@type\":\"Organization\",\"@id\":\"https:\/\/lori-camicie.com\/#organization\",\"name\":\"Lori Camicie\",\"url\":\"https:\/\/lori-camicie.com\/\",\"logo\":{\"@type\":\"ImageObject\",\"inLanguage\":\"en-US\",\"@id\":\"https:\/\/lori-camicie.com\/#\/schema\/logo\/image\/\",\"url\":\"https:\/\/lori-camicie.com\/wp-content\/uploads\/2020\/08\/lori-logo.svg\",\"contentUrl\":\"https:\/\/lori-camicie.com\/wp-content\/uploads\/2020\/08\/lori-logo.svg\",\"width\":170,\"height\":170,\"caption\":\"Lori Camicie\"},\"image\":{\"@id\":\"https:\/\/lori-camicie.com\/#\/schema\/logo\/image\/\"},\"sameAs\":[\"https:\/\/www.facebook.com\/loricamicie\",\"https:\/\/www.instagram.com\/lori.camicie\/\"]}]}<\/script>\n<!-- \/ Yoast SEO plugin. -->","yoast_head_json":{"title":"Skran\u010di gumica Black&White - Lori","robots":{"index":"index","follow":"follow","max-snippet":"max-snippet:-1","max-image-preview":"max-image-preview:large","max-video-preview":"max-video-preview:-1"},"canonical":"https:\/\/lori-camicie.com\/en\/proizvod\/skranci-gumica-blackwhite\/","og_locale":"en_US","og_type":"article","og_title":"Skran\u010di gumica Black&White - Lori","og_description":"Lepota je u detaljima. Ukrasite stil unikatnim skran\u010di gumicama za kosu.  Ova gumica se savr\u0161eno uklapa sa ko\u0161uljom Black&amp;White.","og_url":"https:\/\/lori-camicie.com\/proizvod\/skranci-gumica-blackwhite\/","og_site_name":"Lori","article_publisher":"https:\/\/www.facebook.com\/loricamicie","article_modified_time":"2025-09-24T09:43:33+00:00","og_image":[{"width":2400,"height":2400,"url":"https:\/\/lori-camicie.com\/wp-content\/uploads\/2025\/09\/LORICAMICIEFALL25-636.jpg","type":"image\/jpeg"}],"twitter_card":"summary_large_image","twitter_misc":{"Est. reading time":"1 minute"},"schema":{"@context":"https:\/\/schema.org","@graph":[{"@type":"WebPage","@id":"https:\/\/lori-camicie.com\/proizvod\/skranci-gumica-blackwhite\/","url":"https:\/\/lori-camicie.com\/proizvod\/skranci-gumica-blackwhite\/","name":"Skran\u010di gumica Black&White - Lori","isPartOf":{"@id":"https:\/\/lori-camicie.com\/#website"},"datePublished":"2025-09-24T09:43:32+00:00","dateModified":"2025-09-24T09:43:33+00:00","breadcrumb":{"@id":"https:\/\/lori-camicie.com\/proizvod\/skranci-gumica-blackwhite\/#breadcrumb"},"inLanguage":"en-US","potentialAction":[{"@type":"ReadAction","target":["https:\/\/lori-camicie.com\/proizvod\/skranci-gumica-blackwhite\/"]}]},{"@type":"BreadcrumbList","@id":"https:\/\/lori-camicie.com\/proizvod\/skranci-gumica-blackwhite\/#breadcrumb","itemListElement":[{"@type":"ListItem","position":1,"name":"\u041f\u043e\u0447\u0435\u0442\u043d\u0430","item":"https:\/\/lori-camicie.com\/en\/"},{"@type":"ListItem","position":2,"name":"Shop","item":"https:\/\/lori-camicie.com\/en\/shop\/"},{"@type":"ListItem","position":3,"name":"Skran\u010di gumica Black&#038;White"}]},{"@type":"WebSite","@id":"https:\/\/lori-camicie.com\/#website","url":"https:\/\/lori-camicie.com\/","name":"Lori ko\u0161ulje za decu","description":"Unique shirts from children&#039;s imagination","publisher":{"@id":"https:\/\/lori-camicie.com\/#organization"},"potentialAction":[{"@type":"SearchAction","target":{"@type":"EntryPoint","urlTemplate":"https:\/\/lori-camicie.com\/?s={search_term_string}"},"query-input":"required name=search_term_string"}],"inLanguage":"en-US"},{"@type":"Organization","@id":"https:\/\/lori-camicie.com\/#organization","name":"Lori Camicie","url":"https:\/\/lori-camicie.com\/","logo":{"@type":"ImageObject","inLanguage":"en-US","@id":"https:\/\/lori-camicie.com\/#\/schema\/logo\/image\/","url":"https:\/\/lori-camicie.com\/wp-content\/uploads\/2020\/08\/lori-logo.svg","contentUrl":"https:\/\/lori-camicie.com\/wp-content\/uploads\/2020\/08\/lori-logo.svg","width":170,"height":170,"caption":"Lori Camicie"},"image":{"@id":"https:\/\/lori-camicie.com\/#\/schema\/logo\/image\/"},"sameAs":["https:\/\/www.facebook.com\/loricamicie","https:\/\/www.instagram.com\/lori.camicie\/"]}]}},"_links":{"self":[{"href":"https:\/\/lori-camicie.com\/en\/wp-json\/wp\/v2\/product\/5170\/"}],"collection":[{"href":"https:\/\/lori-camicie.com\/en\/wp-json\/wp\/v2\/product\/"}],"about":[{"href":"https:\/\/lori-camicie.com\/en\/wp-json\/wp\/v2\/types\/product\/"}],"wp:featuredmedia":[{"embeddable":true,"href":"https:\/\/lori-camicie.com\/en\/wp-json\/wp\/v2\/media\/5171\/"}],"wp:attachment":[{"href":"https:\/\/lori-camicie.com\/en\/wp-json\/wp\/v2\/media\/?parent=5170"}],"wp:term":[{"taxonomy":"product_cat","embeddable":true,"href":"https:\/\/lori-camicie.com\/en\/wp-json\/wp\/v2\/product_cat\/?post=5170"},{"taxonomy":"product_tag","embeddable":true,"href":"https:\/\/lori-camicie.com\/en\/wp-json\/wp\/v2\/product_tag\/?post=5170"}],"curies":[{"name":"wp","href":"https:\/\/api.w.org\/{rel}","templated":true}]}}