{"id":4328,"date":"2025-02-03T19:37:51","date_gmt":"2025-02-03T19:37:51","guid":{"rendered":"https:\/\/lori-camicie.com\/?post_type=product&#038;p=4328"},"modified":"2025-12-31T19:32:33","modified_gmt":"2025-12-31T19:32:33","slug":"haljina-sea-time","status":"publish","type":"product","link":"https:\/\/lori-camicie.com\/en\/proizvod\/haljina-sea-time\/","title":{"rendered":"Haljina SEA TIME"},"content":{"rendered":"<p>Haljina koja ima magijske mo\u0107i, \u0107e Vas odvesti na more \u010dim je izvadite iz garderobera. Sa najlep\u0161e pla\u017ee ponesite malo magi\u010dnog peska u skrivenim d\u017eepovima i svako obla\u010denje ove haljine bi\u0107e poput najleps\u0161e morske uspomene.<\/p>\n<p>Haljina \u201eSea time\u201c je od pamuka na plavo-bele \u0161trafte, sa puf rukavima i ima u\u0161ivene prakti\u010dne skrivene d\u017eepove.<\/p>\n","protected":false},"excerpt":{"rendered":"<p>Haljina koja ima magijske mo\u0107i, \u0107e Vas odvesti na more \u010dim je izvadite iz garderobera. Sa najlep\u0161e pla\u017ee ponesite malo magi\u010dnog peska u skrivenim d\u017eepovima i svako obla\u010denje ove haljine bi\u0107e poput najleps\u0161e morske uspomene.<\/p>\n<p>Haljina \u201eSea time\u201c je od pamuka na plavo-bele \u0161trafte, sa puf rukavima i ima u\u0161ivene prakti\u010dne skrivene d\u017eepove.<\/p>\n","protected":false},"featured_media":4602,"template":"","meta":{"_monsterinsights_skip_tracking":false,"_monsterinsights_sitenote_active":false,"_monsterinsights_sitenote_note":"","_monsterinsights_sitenote_category":0},"product_cat":[114,121],"product_tag":[],"class_list":["post-4328","product","type-product","status-publish","has-post-thumbnail","hentry","product_cat-haljine-za-zene","product_cat-outlet"],"yoast_head":"<!-- This site is optimized with the Yoast SEO plugin v21.7 - https:\/\/yoast.com\/wordpress\/plugins\/seo\/ -->\n<title>Haljina SEA TIME - Lori<\/title>\n<meta name=\"robots\" content=\"index, follow, max-snippet:-1, max-image-preview:large, max-video-preview:-1\" \/>\n<link rel=\"canonical\" href=\"https:\/\/lori-camicie.com\/en\/proizvod\/haljina-sea-time\/\" \/>\n<meta property=\"og:locale\" content=\"en_US\" \/>\n<meta property=\"og:type\" content=\"article\" \/>\n<meta property=\"og:title\" content=\"Haljina SEA TIME - Lori\" \/>\n<meta property=\"og:description\" content=\"Haljina koja ima magijske mo\u0107i, \u0107e Vas odvesti na more \u010dim je izvadite iz garderobera. Sa najlep\u0161e pla\u017ee ponesite malo magi\u010dnog peska u skrivenim d\u017eepovima i svako obla\u010denje ove haljine bi\u0107e poput najleps\u0161e morske uspomene.  Haljina \u201eSea time\u201c je od pamuka na plavo-bele \u0161trafte, sa puf rukavima i ima u\u0161ivene prakti\u010dne skrivene d\u017eepove.\" \/>\n<meta property=\"og:url\" content=\"https:\/\/lori-camicie.com\/proizvod\/haljina-sea-time\/\" \/>\n<meta property=\"og:site_name\" content=\"Lori\" \/>\n<meta property=\"article:publisher\" content=\"https:\/\/www.facebook.com\/loricamicie\" \/>\n<meta property=\"article:modified_time\" content=\"2025-12-31T19:32:33+00:00\" \/>\n<meta property=\"og:image\" content=\"https:\/\/lori-camicie.com\/wp-content\/uploads\/2025\/02\/Lori_camicie_2025_summer_collection4-0041.jpg\" \/>\n\t<meta property=\"og:image:width\" content=\"2395\" \/>\n\t<meta property=\"og:image:height\" content=\"2400\" \/>\n\t<meta property=\"og:image:type\" content=\"image\/jpeg\" \/>\n<meta name=\"twitter:card\" content=\"summary_large_image\" \/>\n<meta name=\"twitter:label1\" content=\"Est. reading time\" \/>\n\t<meta name=\"twitter:data1\" content=\"1 minute\" \/>\n<script type=\"application\/ld+json\" class=\"yoast-schema-graph\">{\"@context\":\"https:\/\/schema.org\",\"@graph\":[{\"@type\":\"WebPage\",\"@id\":\"https:\/\/lori-camicie.com\/proizvod\/haljina-sea-time\/\",\"url\":\"https:\/\/lori-camicie.com\/proizvod\/haljina-sea-time\/\",\"name\":\"Haljina SEA TIME - Lori\",\"isPartOf\":{\"@id\":\"https:\/\/lori-camicie.com\/#website\"},\"datePublished\":\"2025-02-03T19:37:51+00:00\",\"dateModified\":\"2025-12-31T19:32:33+00:00\",\"breadcrumb\":{\"@id\":\"https:\/\/lori-camicie.com\/proizvod\/haljina-sea-time\/#breadcrumb\"},\"inLanguage\":\"en-US\",\"potentialAction\":[{\"@type\":\"ReadAction\",\"target\":[\"https:\/\/lori-camicie.com\/proizvod\/haljina-sea-time\/\"]}]},{\"@type\":\"BreadcrumbList\",\"@id\":\"https:\/\/lori-camicie.com\/proizvod\/haljina-sea-time\/#breadcrumb\",\"itemListElement\":[{\"@type\":\"ListItem\",\"position\":1,\"name\":\"\u041f\u043e\u0447\u0435\u0442\u043d\u0430\",\"item\":\"https:\/\/lori-camicie.com\/en\/\"},{\"@type\":\"ListItem\",\"position\":2,\"name\":\"Shop\",\"item\":\"https:\/\/lori-camicie.com\/en\/shop\/\"},{\"@type\":\"ListItem\",\"position\":3,\"name\":\"Haljina SEA TIME\"}]},{\"@type\":\"WebSite\",\"@id\":\"https:\/\/lori-camicie.com\/#website\",\"url\":\"https:\/\/lori-camicie.com\/\",\"name\":\"Lori ko\u0161ulje za decu\",\"description\":\"Unique shirts from children&#039;s imagination\",\"publisher\":{\"@id\":\"https:\/\/lori-camicie.com\/#organization\"},\"potentialAction\":[{\"@type\":\"SearchAction\",\"target\":{\"@type\":\"EntryPoint\",\"urlTemplate\":\"https:\/\/lori-camicie.com\/?s={search_term_string}\"},\"query-input\":\"required name=search_term_string\"}],\"inLanguage\":\"en-US\"},{\"@type\":\"Organization\",\"@id\":\"https:\/\/lori-camicie.com\/#organization\",\"name\":\"Lori Camicie\",\"url\":\"https:\/\/lori-camicie.com\/\",\"logo\":{\"@type\":\"ImageObject\",\"inLanguage\":\"en-US\",\"@id\":\"https:\/\/lori-camicie.com\/#\/schema\/logo\/image\/\",\"url\":\"https:\/\/lori-camicie.com\/wp-content\/uploads\/2020\/08\/lori-logo.svg\",\"contentUrl\":\"https:\/\/lori-camicie.com\/wp-content\/uploads\/2020\/08\/lori-logo.svg\",\"width\":170,\"height\":170,\"caption\":\"Lori Camicie\"},\"image\":{\"@id\":\"https:\/\/lori-camicie.com\/#\/schema\/logo\/image\/\"},\"sameAs\":[\"https:\/\/www.facebook.com\/loricamicie\",\"https:\/\/www.instagram.com\/lori.camicie\/\"]}]}<\/script>\n<!-- \/ Yoast SEO plugin. -->","yoast_head_json":{"title":"Haljina SEA TIME - Lori","robots":{"index":"index","follow":"follow","max-snippet":"max-snippet:-1","max-image-preview":"max-image-preview:large","max-video-preview":"max-video-preview:-1"},"canonical":"https:\/\/lori-camicie.com\/en\/proizvod\/haljina-sea-time\/","og_locale":"en_US","og_type":"article","og_title":"Haljina SEA TIME - Lori","og_description":"Haljina koja ima magijske mo\u0107i, \u0107e Vas odvesti na more \u010dim je izvadite iz garderobera. Sa najlep\u0161e pla\u017ee ponesite malo magi\u010dnog peska u skrivenim d\u017eepovima i svako obla\u010denje ove haljine bi\u0107e poput najleps\u0161e morske uspomene.  Haljina \u201eSea time\u201c je od pamuka na plavo-bele \u0161trafte, sa puf rukavima i ima u\u0161ivene prakti\u010dne skrivene d\u017eepove.","og_url":"https:\/\/lori-camicie.com\/proizvod\/haljina-sea-time\/","og_site_name":"Lori","article_publisher":"https:\/\/www.facebook.com\/loricamicie","article_modified_time":"2025-12-31T19:32:33+00:00","og_image":[{"width":2395,"height":2400,"url":"https:\/\/lori-camicie.com\/wp-content\/uploads\/2025\/02\/Lori_camicie_2025_summer_collection4-0041.jpg","type":"image\/jpeg"}],"twitter_card":"summary_large_image","twitter_misc":{"Est. reading time":"1 minute"},"schema":{"@context":"https:\/\/schema.org","@graph":[{"@type":"WebPage","@id":"https:\/\/lori-camicie.com\/proizvod\/haljina-sea-time\/","url":"https:\/\/lori-camicie.com\/proizvod\/haljina-sea-time\/","name":"Haljina SEA TIME - Lori","isPartOf":{"@id":"https:\/\/lori-camicie.com\/#website"},"datePublished":"2025-02-03T19:37:51+00:00","dateModified":"2025-12-31T19:32:33+00:00","breadcrumb":{"@id":"https:\/\/lori-camicie.com\/proizvod\/haljina-sea-time\/#breadcrumb"},"inLanguage":"en-US","potentialAction":[{"@type":"ReadAction","target":["https:\/\/lori-camicie.com\/proizvod\/haljina-sea-time\/"]}]},{"@type":"BreadcrumbList","@id":"https:\/\/lori-camicie.com\/proizvod\/haljina-sea-time\/#breadcrumb","itemListElement":[{"@type":"ListItem","position":1,"name":"\u041f\u043e\u0447\u0435\u0442\u043d\u0430","item":"https:\/\/lori-camicie.com\/en\/"},{"@type":"ListItem","position":2,"name":"Shop","item":"https:\/\/lori-camicie.com\/en\/shop\/"},{"@type":"ListItem","position":3,"name":"Haljina SEA TIME"}]},{"@type":"WebSite","@id":"https:\/\/lori-camicie.com\/#website","url":"https:\/\/lori-camicie.com\/","name":"Lori ko\u0161ulje za decu","description":"Unique shirts from children&#039;s imagination","publisher":{"@id":"https:\/\/lori-camicie.com\/#organization"},"potentialAction":[{"@type":"SearchAction","target":{"@type":"EntryPoint","urlTemplate":"https:\/\/lori-camicie.com\/?s={search_term_string}"},"query-input":"required name=search_term_string"}],"inLanguage":"en-US"},{"@type":"Organization","@id":"https:\/\/lori-camicie.com\/#organization","name":"Lori Camicie","url":"https:\/\/lori-camicie.com\/","logo":{"@type":"ImageObject","inLanguage":"en-US","@id":"https:\/\/lori-camicie.com\/#\/schema\/logo\/image\/","url":"https:\/\/lori-camicie.com\/wp-content\/uploads\/2020\/08\/lori-logo.svg","contentUrl":"https:\/\/lori-camicie.com\/wp-content\/uploads\/2020\/08\/lori-logo.svg","width":170,"height":170,"caption":"Lori Camicie"},"image":{"@id":"https:\/\/lori-camicie.com\/#\/schema\/logo\/image\/"},"sameAs":["https:\/\/www.facebook.com\/loricamicie","https:\/\/www.instagram.com\/lori.camicie\/"]}]}},"_links":{"self":[{"href":"https:\/\/lori-camicie.com\/en\/wp-json\/wp\/v2\/product\/4328\/"}],"collection":[{"href":"https:\/\/lori-camicie.com\/en\/wp-json\/wp\/v2\/product\/"}],"about":[{"href":"https:\/\/lori-camicie.com\/en\/wp-json\/wp\/v2\/types\/product\/"}],"wp:featuredmedia":[{"embeddable":true,"href":"https:\/\/lori-camicie.com\/en\/wp-json\/wp\/v2\/media\/4602\/"}],"wp:attachment":[{"href":"https:\/\/lori-camicie.com\/en\/wp-json\/wp\/v2\/media\/?parent=4328"}],"wp:term":[{"taxonomy":"product_cat","embeddable":true,"href":"https:\/\/lori-camicie.com\/en\/wp-json\/wp\/v2\/product_cat\/?post=4328"},{"taxonomy":"product_tag","embeddable":true,"href":"https:\/\/lori-camicie.com\/en\/wp-json\/wp\/v2\/product_tag\/?post=4328"}],"curies":[{"name":"wp","href":"https:\/\/api.w.org\/{rel}","templated":true}]}}