{"id":3969,"date":"2024-07-28T15:30:18","date_gmt":"2024-07-28T15:30:18","guid":{"rendered":"https:\/\/lori-camicie.com\/?post_type=product&#038;p=3969"},"modified":"2026-01-19T17:25:30","modified_gmt":"2026-01-19T17:25:30","slug":"i-believe-in-red-lipstick-2","status":"publish","type":"product","link":"https:\/\/lori-camicie.com\/en\/proizvod\/i-believe-in-red-lipstick-2\/","title":{"rendered":"I BELIEVE IN RED LIPSTICK"},"content":{"rendered":"<p>Crveni ru\u017e je definitivno potreban svakoj \u017eeni. Zbog toga je LORI kreirala ko\u0161ulju koja \u0107e ispuniti ovaj uslov. Obogatite svoj ormar i unesite u njega komad koji zasigurno ne\u0107e dugo stajati na polici. Ovaj model je od belog pamuka sa crvenim pu\u017ei\u0107ima, a crte\u017e se nalazi na le\u0111ima. LORI ko\u0161ulje su postale deo klasike, jer ovaj model ko\u0161ulje \u2013 tunike pristaje dobro svakoj gra\u0111i.<\/p>\n","protected":false},"excerpt":{"rendered":"<p>Crveni ru\u017e je definitivno potreban svakoj \u017eeni. Zbog toga je LORI kreirala ko\u0161ulju koja \u0107e ispuniti ovaj uslov. Obogatite svoj ormar i unesite u njega komad koji zasigurno ne\u0107e dugo stajati na polici. Ovaj model je od belog pamuka sa crvenim pu\u017ei\u0107ima, a crte\u017e se nalazi na le\u0111ima. LORI ko\u0161ulje su postale deo klasike, jer ovaj model ko\u0161ulje \u2013 tunike pristaje dobro svakoj gra\u0111i.<\/p>\n","protected":false},"featured_media":4150,"template":"","meta":{"_monsterinsights_skip_tracking":false,"_monsterinsights_sitenote_active":false,"_monsterinsights_sitenote_note":"","_monsterinsights_sitenote_category":0},"product_cat":[121],"product_tag":[],"class_list":["post-3969","product","type-product","status-publish","has-post-thumbnail","hentry","product_cat-outlet"],"yoast_head":"<!-- This site is optimized with the Yoast SEO plugin v21.7 - https:\/\/yoast.com\/wordpress\/plugins\/seo\/ -->\n<title>I BELIEVE IN RED LIPSTICK - Lori<\/title>\n<meta name=\"robots\" content=\"index, follow, max-snippet:-1, max-image-preview:large, max-video-preview:-1\" \/>\n<link rel=\"canonical\" href=\"https:\/\/lori-camicie.com\/en\/proizvod\/i-believe-in-red-lipstick-2\/\" \/>\n<meta property=\"og:locale\" content=\"en_US\" \/>\n<meta property=\"og:type\" content=\"article\" \/>\n<meta property=\"og:title\" content=\"I BELIEVE IN RED LIPSTICK - Lori\" \/>\n<meta property=\"og:description\" content=\"Crveni ru\u017e je definitivno potreban svakoj \u017eeni. Zbog toga je LORI kreirala ko\u0161ulju koja \u0107e ispuniti ovaj uslov. Obogatite svoj ormar i unesite u njega komad koji zasigurno ne\u0107e dugo stajati na polici. Ovaj model je od belog pamuka sa crvenim pu\u017ei\u0107ima, a crte\u017e se nalazi na le\u0111ima. LORI ko\u0161ulje su postale deo klasike, jer ovaj model ko\u0161ulje \u2013 tunike pristaje dobro svakoj gra\u0111i.\" \/>\n<meta property=\"og:url\" content=\"https:\/\/lori-camicie.com\/proizvod\/i-believe-in-red-lipstick-2\/\" \/>\n<meta property=\"og:site_name\" content=\"Lori\" \/>\n<meta property=\"article:publisher\" content=\"https:\/\/www.facebook.com\/loricamicie\" \/>\n<meta property=\"article:modified_time\" content=\"2026-01-19T17:25:30+00:00\" \/>\n<meta property=\"og:image\" content=\"https:\/\/lori-camicie.com\/wp-content\/uploads\/2024\/07\/DSC_5858-scaled.jpg\" \/>\n\t<meta property=\"og:image:width\" content=\"2549\" \/>\n\t<meta property=\"og:image:height\" content=\"2560\" \/>\n\t<meta property=\"og:image:type\" content=\"image\/jpeg\" \/>\n<meta name=\"twitter:card\" content=\"summary_large_image\" \/>\n<meta name=\"twitter:label1\" content=\"Est. reading time\" \/>\n\t<meta name=\"twitter:data1\" content=\"1 minute\" \/>\n<script type=\"application\/ld+json\" class=\"yoast-schema-graph\">{\"@context\":\"https:\/\/schema.org\",\"@graph\":[{\"@type\":\"WebPage\",\"@id\":\"https:\/\/lori-camicie.com\/proizvod\/i-believe-in-red-lipstick-2\/\",\"url\":\"https:\/\/lori-camicie.com\/proizvod\/i-believe-in-red-lipstick-2\/\",\"name\":\"I BELIEVE IN RED LIPSTICK - Lori\",\"isPartOf\":{\"@id\":\"https:\/\/lori-camicie.com\/#website\"},\"datePublished\":\"2024-07-28T15:30:18+00:00\",\"dateModified\":\"2026-01-19T17:25:30+00:00\",\"breadcrumb\":{\"@id\":\"https:\/\/lori-camicie.com\/proizvod\/i-believe-in-red-lipstick-2\/#breadcrumb\"},\"inLanguage\":\"en-US\",\"potentialAction\":[{\"@type\":\"ReadAction\",\"target\":[\"https:\/\/lori-camicie.com\/proizvod\/i-believe-in-red-lipstick-2\/\"]}]},{\"@type\":\"BreadcrumbList\",\"@id\":\"https:\/\/lori-camicie.com\/proizvod\/i-believe-in-red-lipstick-2\/#breadcrumb\",\"itemListElement\":[{\"@type\":\"ListItem\",\"position\":1,\"name\":\"\u041f\u043e\u0447\u0435\u0442\u043d\u0430\",\"item\":\"https:\/\/lori-camicie.com\/en\/\"},{\"@type\":\"ListItem\",\"position\":2,\"name\":\"Shop\",\"item\":\"https:\/\/lori-camicie.com\/en\/shop\/\"},{\"@type\":\"ListItem\",\"position\":3,\"name\":\"I BELIEVE IN RED LIPSTICK\"}]},{\"@type\":\"WebSite\",\"@id\":\"https:\/\/lori-camicie.com\/#website\",\"url\":\"https:\/\/lori-camicie.com\/\",\"name\":\"Lori ko\u0161ulje za decu\",\"description\":\"Unique shirts from children&#039;s imagination\",\"publisher\":{\"@id\":\"https:\/\/lori-camicie.com\/#organization\"},\"potentialAction\":[{\"@type\":\"SearchAction\",\"target\":{\"@type\":\"EntryPoint\",\"urlTemplate\":\"https:\/\/lori-camicie.com\/?s={search_term_string}\"},\"query-input\":\"required name=search_term_string\"}],\"inLanguage\":\"en-US\"},{\"@type\":\"Organization\",\"@id\":\"https:\/\/lori-camicie.com\/#organization\",\"name\":\"Lori Camicie\",\"url\":\"https:\/\/lori-camicie.com\/\",\"logo\":{\"@type\":\"ImageObject\",\"inLanguage\":\"en-US\",\"@id\":\"https:\/\/lori-camicie.com\/#\/schema\/logo\/image\/\",\"url\":\"https:\/\/lori-camicie.com\/wp-content\/uploads\/2020\/08\/lori-logo.svg\",\"contentUrl\":\"https:\/\/lori-camicie.com\/wp-content\/uploads\/2020\/08\/lori-logo.svg\",\"width\":170,\"height\":170,\"caption\":\"Lori Camicie\"},\"image\":{\"@id\":\"https:\/\/lori-camicie.com\/#\/schema\/logo\/image\/\"},\"sameAs\":[\"https:\/\/www.facebook.com\/loricamicie\",\"https:\/\/www.instagram.com\/lori.camicie\/\"]}]}<\/script>\n<!-- \/ Yoast SEO plugin. -->","yoast_head_json":{"title":"I BELIEVE IN RED LIPSTICK - Lori","robots":{"index":"index","follow":"follow","max-snippet":"max-snippet:-1","max-image-preview":"max-image-preview:large","max-video-preview":"max-video-preview:-1"},"canonical":"https:\/\/lori-camicie.com\/en\/proizvod\/i-believe-in-red-lipstick-2\/","og_locale":"en_US","og_type":"article","og_title":"I BELIEVE IN RED LIPSTICK - Lori","og_description":"Crveni ru\u017e je definitivno potreban svakoj \u017eeni. Zbog toga je LORI kreirala ko\u0161ulju koja \u0107e ispuniti ovaj uslov. Obogatite svoj ormar i unesite u njega komad koji zasigurno ne\u0107e dugo stajati na polici. Ovaj model je od belog pamuka sa crvenim pu\u017ei\u0107ima, a crte\u017e se nalazi na le\u0111ima. LORI ko\u0161ulje su postale deo klasike, jer ovaj model ko\u0161ulje \u2013 tunike pristaje dobro svakoj gra\u0111i.","og_url":"https:\/\/lori-camicie.com\/proizvod\/i-believe-in-red-lipstick-2\/","og_site_name":"Lori","article_publisher":"https:\/\/www.facebook.com\/loricamicie","article_modified_time":"2026-01-19T17:25:30+00:00","og_image":[{"width":2549,"height":2560,"url":"https:\/\/lori-camicie.com\/wp-content\/uploads\/2024\/07\/DSC_5858-scaled.jpg","type":"image\/jpeg"}],"twitter_card":"summary_large_image","twitter_misc":{"Est. reading time":"1 minute"},"schema":{"@context":"https:\/\/schema.org","@graph":[{"@type":"WebPage","@id":"https:\/\/lori-camicie.com\/proizvod\/i-believe-in-red-lipstick-2\/","url":"https:\/\/lori-camicie.com\/proizvod\/i-believe-in-red-lipstick-2\/","name":"I BELIEVE IN RED LIPSTICK - Lori","isPartOf":{"@id":"https:\/\/lori-camicie.com\/#website"},"datePublished":"2024-07-28T15:30:18+00:00","dateModified":"2026-01-19T17:25:30+00:00","breadcrumb":{"@id":"https:\/\/lori-camicie.com\/proizvod\/i-believe-in-red-lipstick-2\/#breadcrumb"},"inLanguage":"en-US","potentialAction":[{"@type":"ReadAction","target":["https:\/\/lori-camicie.com\/proizvod\/i-believe-in-red-lipstick-2\/"]}]},{"@type":"BreadcrumbList","@id":"https:\/\/lori-camicie.com\/proizvod\/i-believe-in-red-lipstick-2\/#breadcrumb","itemListElement":[{"@type":"ListItem","position":1,"name":"\u041f\u043e\u0447\u0435\u0442\u043d\u0430","item":"https:\/\/lori-camicie.com\/en\/"},{"@type":"ListItem","position":2,"name":"Shop","item":"https:\/\/lori-camicie.com\/en\/shop\/"},{"@type":"ListItem","position":3,"name":"I BELIEVE IN RED LIPSTICK"}]},{"@type":"WebSite","@id":"https:\/\/lori-camicie.com\/#website","url":"https:\/\/lori-camicie.com\/","name":"Lori ko\u0161ulje za decu","description":"Unique shirts from children&#039;s imagination","publisher":{"@id":"https:\/\/lori-camicie.com\/#organization"},"potentialAction":[{"@type":"SearchAction","target":{"@type":"EntryPoint","urlTemplate":"https:\/\/lori-camicie.com\/?s={search_term_string}"},"query-input":"required name=search_term_string"}],"inLanguage":"en-US"},{"@type":"Organization","@id":"https:\/\/lori-camicie.com\/#organization","name":"Lori Camicie","url":"https:\/\/lori-camicie.com\/","logo":{"@type":"ImageObject","inLanguage":"en-US","@id":"https:\/\/lori-camicie.com\/#\/schema\/logo\/image\/","url":"https:\/\/lori-camicie.com\/wp-content\/uploads\/2020\/08\/lori-logo.svg","contentUrl":"https:\/\/lori-camicie.com\/wp-content\/uploads\/2020\/08\/lori-logo.svg","width":170,"height":170,"caption":"Lori Camicie"},"image":{"@id":"https:\/\/lori-camicie.com\/#\/schema\/logo\/image\/"},"sameAs":["https:\/\/www.facebook.com\/loricamicie","https:\/\/www.instagram.com\/lori.camicie\/"]}]}},"_links":{"self":[{"href":"https:\/\/lori-camicie.com\/en\/wp-json\/wp\/v2\/product\/3969\/"}],"collection":[{"href":"https:\/\/lori-camicie.com\/en\/wp-json\/wp\/v2\/product\/"}],"about":[{"href":"https:\/\/lori-camicie.com\/en\/wp-json\/wp\/v2\/types\/product\/"}],"wp:featuredmedia":[{"embeddable":true,"href":"https:\/\/lori-camicie.com\/en\/wp-json\/wp\/v2\/media\/4150\/"}],"wp:attachment":[{"href":"https:\/\/lori-camicie.com\/en\/wp-json\/wp\/v2\/media\/?parent=3969"}],"wp:term":[{"taxonomy":"product_cat","embeddable":true,"href":"https:\/\/lori-camicie.com\/en\/wp-json\/wp\/v2\/product_cat\/?post=3969"},{"taxonomy":"product_tag","embeddable":true,"href":"https:\/\/lori-camicie.com\/en\/wp-json\/wp\/v2\/product_tag\/?post=3969"}],"curies":[{"name":"wp","href":"https:\/\/api.w.org\/{rel}","templated":true}]}}